{"id":262,"date":"2014-04-26T16:57:30","date_gmt":"2014-04-26T16:57:30","guid":{"rendered":"http:\/\/demo.themegrill.com\/accelerate\/?page_id=11"},"modified":"2020-08-05T18:02:59","modified_gmt":"2020-08-05T18:02:59","slug":"acik-alan-serinletme-cafe-sogutma-sistemleri-buharli-vantilator","status":"publish","type":"page","link":"https:\/\/www.esrmekanik.com\/","title":{"rendered":"Anasayfa"},"content":{"rendered":"<p><a href=\"http:\/\/www.esrmekanik.com\/index.php\/dezenfekte-kabini\/\">Dezenfekte KabiniDezenfekte kabini ile sizin ve m\u00fc\u015fterilerinizin sa\u011fl\u0131\u011f\u0131n\u0131 \u00f6nemsiyoruz. Detayl\u0131 bilgi almak i\u00e7in l\u00fctfen ileti\u015fime ge\u00e7iniz.Click Here<\/a>Cafe Serinletme SistemleriCafe Serinletme Sistemleri ile cafelerinize de\u011fer kat\u0131n.Click HereSlide 3 HeadingLorem ipsum dolor sit amet consectetur adipiscing elit dolorClick Here<br \/>\nPrevious<br \/>\nNext<\/p>\n","protected":false},"excerpt":{"rendered":"<p>Dezenfekte KabiniDezenfekte kabini ile sizin ve m\u00fc\u015fterilerinizin sa\u011fl\u0131\u011f\u0131n\u0131 \u00f6nemsiyoruz. Detayl\u0131 bilgi almak i\u00e7in l\u00fctfen ileti\u015fime ge\u00e7iniz.Click HereCafe Serinletme SistemleriCafe Serinletme Sistemleri ile cafelerinize de\u011fer kat\u0131n.Click HereSlide 3 HeadingLorem ipsum dolor sit amet consectetur adipiscing elit dolorClick Here Previous Next<\/p>\n","protected":false},"author":1,"featured_media":0,"parent":0,"menu_order":1,"comment_status":"closed","ping_status":"closed","template":"page-templates\/business.php","meta":[],"yst_prominent_words":[],"_links":{"self":[{"href":"https:\/\/www.esrmekanik.com\/index.php\/wp-json\/wp\/v2\/pages\/262"}],"collection":[{"href":"https:\/\/www.esrmekanik.com\/index.php\/wp-json\/wp\/v2\/pages"}],"about":[{"href":"https:\/\/www.esrmekanik.com\/index.php\/wp-json\/wp\/v2\/types\/page"}],"author":[{"embeddable":true,"href":"https:\/\/www.esrmekanik.com\/index.php\/wp-json\/wp\/v2\/users\/1"}],"replies":[{"embeddable":true,"href":"https:\/\/www.esrmekanik.com\/index.php\/wp-json\/wp\/v2\/comments?post=262"}],"version-history":[{"count":9,"href":"https:\/\/www.esrmekanik.com\/index.php\/wp-json\/wp\/v2\/pages\/262\/revisions"}],"predecessor-version":[{"id":472,"href":"https:\/\/www.esrmekanik.com\/index.php\/wp-json\/wp\/v2\/pages\/262\/revisions\/472"}],"wp:attachment":[{"href":"https:\/\/www.esrmekanik.com\/index.php\/wp-json\/wp\/v2\/media?parent=262"}],"wp:term":[{"taxonomy":"yst_prominent_words","embeddable":true,"href":"https:\/\/www.esrmekanik.com\/index.php\/wp-json\/wp\/v2\/yst_prominent_words?post=262"}],"curies":[{"name":"wp","href":"https:\/\/api.w.org\/{rel}","templated":true}]}}