{"id":263,"date":"2014-04-26T16:58:25","date_gmt":"2014-04-26T16:58:25","guid":{"rendered":"http:\/\/demo.themegrill.com\/accelerate\/?page_id=13"},"modified":"2021-08-27T12:49:35","modified_gmt":"2021-08-27T12:49:35","slug":"cafe-serinletme-sistemleri","status":"publish","type":"page","link":"https:\/\/www.esrmekanik.com\/index.php\/hizmetlerimiz\/cafe-serinletme-sistemleri\/","title":{"rendered":"Cafe Serinletme Sistemleri"},"content":{"rendered":"<p class=\"paragraph ng-attr-widget\">Hava s\u0131cakl\u0131\u011f\u0131 ne kadar y\u00fcksek olursa olsun cafe serinletme sistemlerimiz sayesinde ortam s\u0131cakl\u0131\u011f\u0131n\u0131 15-25 derece aras\u0131nda d\u00fc\u015f\u00fcrmeniz m\u00fcmk\u00fcnd\u00fcr. Hem d\u0131\u015far\u0131da yaz\u0131n keyfini \u00e7\u0131kar\u0131rken di\u011fer taraftan a\u00e7\u0131k havan\u0131n keyfini \u00e7\u0131karabilirsiniz. Cafe Serinletme Sistemleri di\u011fer \u00e7\u00f6z\u00fcmlere hem daha hesapl\u0131 hemde a\u00e7\u0131k alan serinletme sistemleri kullan\u0131ld\u0131\u011f\u0131 i\u00e7in misafirlerinizin daha keyifli vakit ge\u00e7irmesine olanak sa\u011flar. Misafirleriniz mekan\u0131n\u0131zda daha fazla vakit ge\u00e7irirken sizde kazanc\u0131n\u0131z\u0131 artt\u0131rabilirsiniz.<\/p>\n\n\n<figure class=\"wp-block-image size-large\"><img width=\"720\" height=\"720\" src=\"http:\/\/www.esrmekanik.com\/wp-content\/uploads\/2020\/07\/Cafe-Serinletme-Sistemleri.jpg\" alt=\"Cafe Serinletme Sistemleri, A\u00e7\u0131k Alan Setinletme Sistemleri, Buharl\u0131 Vantilat\u00f6r\" class=\"wp-image-436\" srcset=\"https:\/\/www.esrmekanik.com\/wp-content\/uploads\/2020\/07\/Cafe-Serinletme-Sistemleri.jpg 720w, https:\/\/www.esrmekanik.com\/wp-content\/uploads\/2020\/07\/Cafe-Serinletme-Sistemleri-300x300.jpg 300w, https:\/\/www.esrmekanik.com\/wp-content\/uploads\/2020\/07\/Cafe-Serinletme-Sistemleri-150x150.jpg 150w, https:\/\/www.esrmekanik.com\/wp-content\/uploads\/2020\/07\/Cafe-Serinletme-Sistemleri-230x230.jpg 230w, https:\/\/www.esrmekanik.com\/wp-content\/uploads\/2020\/07\/Cafe-Serinletme-Sistemleri-365x365.jpg 365w\" sizes=\"(max-width: 720px) 100vw, 720px\" \/><figcaption>Cafe Serinletme Sistemleri<\/figcaption><\/figure>\n\n\n\n<h2>Cafe Serinletme Sistemi Nas\u0131l \u00c7al\u0131\u015f\u0131r?<\/h2>\n\n\n\n<p>Cafe serinletme sistemleri y\u00fcksek bas\u0131n\u00e7 motoru ile suyun y\u00fcksek bas\u0131n\u00e7 borusundan ge\u00e7erek nozullar\u0131n suyu p\u00fclverize etmesi ilkesidir k\u0131sacas\u0131. Su 60-110 bar bas\u0131n\u00e7la duman tad\u0131nda nozullar yard\u0131m\u0131yla p\u00fcsk\u00fcrt\u00fcl\u00fcr bu sayede m\u00fc\u015fterileriniz rahats\u0131z olmaz aksine 15-25 derece aras\u0131nda hava s\u0131cakl\u0131\u011f\u0131 d\u00fc\u015fece\u011fi i\u00e7in bulunduklar\u0131 ortamdan keyif al\u0131rlar. P\u00fcsk\u00fcrt\u00fclen so\u011fuk duman havadaki s\u0131cak havay\u0131 emerek hava s\u0131cakl\u0131\u011f\u0131n\u0131 an\u0131nda d\u00fc\u015f\u00fcr\u00fcr. <\/p>\n\n\n\n<p>Bu\u011fulanma nozullar\u0131 taraf\u0131ndan ultra ince su damlac\u0131klar\u0131 \u00e7evrede bulunan s\u0131cak havay\u0131 h\u0131zla emer ve buharla\u015f\u0131r.&nbsp;S\u0131v\u0131dan gaza ge\u00e7en su buhar\u0131 ortam s\u0131cakl\u0131\u011f\u0131n\u0131 d\u00fc\u015f\u00fcr\u00fcr.<br>ESRMEKAN\u0130K y\u00fcksek bas\u0131n\u00e7l\u0131 bu\u011fulanma fanlar\u0131 ve A\u00e7\u0131k alan serinletme sistemleri, neredeyse an\u0131nda buharla\u015fan  so\u011futulacak alana etkili bir \u015fekilde s\u00fcper ince bir sis vermek \u00fczere tasarlanm\u0131\u015ft\u0131r.ESRMEKAN\u0130K cafelerize de\u011fer katar.<\/p>\n\n\n\n<figure class=\"wp-block-image size-large\"><img width=\"720\" height=\"720\" src=\"http:\/\/www.esrmekanik.com\/wp-content\/uploads\/2020\/07\/Cafe-Serinletme-Sistemleri-11-1.jpg\" alt=\"\" class=\"wp-image-439\" srcset=\"https:\/\/www.esrmekanik.com\/wp-content\/uploads\/2020\/07\/Cafe-Serinletme-Sistemleri-11-1.jpg 720w, https:\/\/www.esrmekanik.com\/wp-content\/uploads\/2020\/07\/Cafe-Serinletme-Sistemleri-11-1-300x300.jpg 300w, https:\/\/www.esrmekanik.com\/wp-content\/uploads\/2020\/07\/Cafe-Serinletme-Sistemleri-11-1-150x150.jpg 150w, https:\/\/www.esrmekanik.com\/wp-content\/uploads\/2020\/07\/Cafe-Serinletme-Sistemleri-11-1-230x230.jpg 230w, https:\/\/www.esrmekanik.com\/wp-content\/uploads\/2020\/07\/Cafe-Serinletme-Sistemleri-11-1-365x365.jpg 365w\" sizes=\"(max-width: 720px) 100vw, 720px\" \/><figcaption>A\u00e7\u0131k Alan Serinletme Sistemleri<\/figcaption><\/figure>\n\n\n\n<h2>Sis Efektleri<\/h2>\n\n\n\n<p>Cafe Serinletme sistemlerinde Pervaneler yard\u0131m\u0131yla mekan\u0131n\u0131z\u0131n \u0131s\u0131s\u0131n\u0131 d\u00fc\u015f\u00fcr\u00fcrken sis efektleri sayesinde misafirlerinize g\u00f6rsel olarakta mekanlar\u0131n\u0131z vazge\u00e7ilmez hale gelir. Sis efektleri sayesinde nozullar\u0131n\u0131z p\u00fclverize edilmi\u015f su p\u00fcsk\u00fcrt\u00fcrken mekanlar\u0131n\u0131za d\u0131\u015far\u0131dan s\u0131cak hava girmezken i\u00e7eride s\u0131cakl\u0131\u011f\u0131n\u0131 d\u00fc\u015f\u00fcrd\u00fc\u011f\u00fcn\u00fcz so\u011fuk havada mekan\u0131n\u0131z\u0131n d\u0131\u015far\u0131s\u0131na \u00e7\u0131kmaz.<\/p>\n\n\n\n<figure class=\"wp-block-image size-large is-style-default\"><img width=\"1024\" height=\"576\" src=\"http:\/\/www.esrmekanik.com\/wp-content\/uploads\/2020\/07\/A\u00e7\u0131k-Alan-Serinletme-1-1024x576.jpg\" alt=\"\" class=\"wp-image-441\" srcset=\"https:\/\/www.esrmekanik.com\/wp-content\/uploads\/2020\/07\/A\u00e7\u0131k-Alan-Serinletme-1-1024x576.jpg 1024w, https:\/\/www.esrmekanik.com\/wp-content\/uploads\/2020\/07\/A\u00e7\u0131k-Alan-Serinletme-1-300x169.jpg 300w, https:\/\/www.esrmekanik.com\/wp-content\/uploads\/2020\/07\/A\u00e7\u0131k-Alan-Serinletme-1-768x432.jpg 768w, https:\/\/www.esrmekanik.com\/wp-content\/uploads\/2020\/07\/A\u00e7\u0131k-Alan-Serinletme-1-1536x864.jpg 1536w, https:\/\/www.esrmekanik.com\/wp-content\/uploads\/2020\/07\/A\u00e7\u0131k-Alan-Serinletme-1.jpg 1920w\" sizes=\"(max-width: 1024px) 100vw, 1024px\" \/><figcaption>Sis Efekti<\/figcaption><\/figure>\n\n\n\n<h2>Cafe Serinletme Sistemleri i\u00e7in Ke\u015fife Gelelim<\/h2>\n\n\n\n<p>E\u011fer sizde cafe , restorant vb. mekanlar\u0131n\u0131z i\u00e7in sisleme sistemi d\u00fc\u015f\u00fcn\u00fcyorsan\u0131z deneyimli ekibimiz mekan\u0131n\u0131za ke\u015fif i\u00e7in gelir ve kullan\u0131lmas\u0131 gereken sistem i\u00e7in size bilgi verir. Do\u011fru yap\u0131lan sistem hem uzun \u00f6m\u00fcrl\u00fc hemde uzun vadede sorunsuz bir sistem kullanman\u0131za yard\u0131mkc\u0131 olur. E\u011fer sizde Serinletme sistemleri i\u00e7in \u00fccretsiz ke\u015fif yapt\u0131rmak istiyorsan\u0131z a\u015fa\u011f\u0131daki ileti\u015fim numaralar\u0131ndan veya Whatsapp iconunu t\u0131klayarak whatsapp&#8217;tan \u00fccretsiz ke\u015fif talebinde bulunabilirsiniz. Deneyimli personelimiz 24 saat i\u00e7erisinde mekan\u0131n\u0131za gelerek \u00fccretsiz ke\u015fif yaparlar.Sizede sisteminiz kurulduktan sonra mutlu m\u00fc\u015fteriler ve serin mekan\u0131n\u0131z\u0131n keyfini \u00e7\u0131karmak kal\u0131r. <\/p>\n\n\n\n<div class=\"wp-block-buttons\">\n<div class=\"wp-block-button is-style-fill\"><a class=\"wp-block-button__link has-vivid-green-cyan-background-color has-background\" href=\"http:\/\/api.whatsapp.com\/send?phone=905544427874\">Whatsapp ile<br>bize ula\u015fmak i\u00e7in<br>l\u00fctfen t\u0131klay\u0131n<\/a><\/div>\n\n\n\n<div class=\"wp-block-button\"><a class=\"wp-block-button__link has-vivid-cyan-blue-background-color has-background\">Telefon ile <br>bize ula\u015fmak i\u00e7in<br>l\u00fctfen t\u0131klay\u0131n. <\/a><\/div>\n<\/div>\n\n\n\n<p><\/p>\n","protected":false},"excerpt":{"rendered":"<p>Cafe So\u011futma Sistemleri ile mekan\u0131n\u0131za de\u011fer kat\u0131n. Buharl\u0131 vantilat\u00f6r veya p\u00fcsk\u00fcrtme sistemlerimizi kullanarak m\u00fc\u015fterilerinizin keyifli vakit ge\u00e7irmesini sa\u011flayabilirsiniz.<\/p>\n","protected":false},"author":1,"featured_media":461,"parent":385,"menu_order":1,"comment_status":"closed","ping_status":"closed","template":"","meta":[],"yst_prominent_words":[],"_links":{"self":[{"href":"https:\/\/www.esrmekanik.com\/index.php\/wp-json\/wp\/v2\/pages\/263"}],"collection":[{"href":"https:\/\/www.esrmekanik.com\/index.php\/wp-json\/wp\/v2\/pages"}],"about":[{"href":"https:\/\/www.esrmekanik.com\/index.php\/wp-json\/wp\/v2\/types\/page"}],"author":[{"embeddable":true,"href":"https:\/\/www.esrmekanik.com\/index.php\/wp-json\/wp\/v2\/users\/1"}],"replies":[{"embeddable":true,"href":"https:\/\/www.esrmekanik.com\/index.php\/wp-json\/wp\/v2\/comments?post=263"}],"version-history":[{"count":9,"href":"https:\/\/www.esrmekanik.com\/index.php\/wp-json\/wp\/v2\/pages\/263\/revisions"}],"predecessor-version":[{"id":619,"href":"https:\/\/www.esrmekanik.com\/index.php\/wp-json\/wp\/v2\/pages\/263\/revisions\/619"}],"up":[{"embeddable":true,"href":"https:\/\/www.esrmekanik.com\/index.php\/wp-json\/wp\/v2\/pages\/385"}],"wp:featuredmedia":[{"embeddable":true,"href":"https:\/\/www.esrmekanik.com\/index.php\/wp-json\/wp\/v2\/media\/461"}],"wp:attachment":[{"href":"https:\/\/www.esrmekanik.com\/index.php\/wp-json\/wp\/v2\/media?parent=263"}],"wp:term":[{"taxonomy":"yst_prominent_words","embeddable":true,"href":"https:\/\/www.esrmekanik.com\/index.php\/wp-json\/wp\/v2\/yst_prominent_words?post=263"}],"curies":[{"name":"wp","href":"https:\/\/api.w.org\/{rel}","templated":true}]}}