{"id":266,"date":"2014-04-26T17:09:37","date_gmt":"2014-04-26T17:09:37","guid":{"rendered":"http:\/\/demo.themegrill.com\/accelerate\/?page_id=22"},"modified":"2025-06-14T08:07:28","modified_gmt":"2025-06-14T08:07:28","slug":"acik-alan-serinletme","status":"publish","type":"page","link":"https:\/\/www.esrmekanik.com\/index.php\/hizmetlerimiz\/acik-alan-serinletme\/","title":{"rendered":"A\u00e7\u0131k Alan Serinletme Sistemleri"},"content":{"rendered":"<p class=\"paragraph ng-attr-widget\">A\u00e7\u0131k alan serinletme sistemleri ile mekanlar\u0131n\u0131za de\u011fer kat\u0131n. y\u00fcksek bas\u0131n\u00e7 pompas\u0131 ve nozullar yard\u0131m\u0131yla \u015febeke suyu 0,15-0,20-0,30-0,50 lik nozullar yard\u0131m\u0131yla su p\u00fclverize olur ve mikronlara par\u00e7alan\u0131r. Yani duman tad\u0131nda p\u00fcsk\u00fcrt\u00fcl\u00fcr. Mikronlar\u0131na par\u00e7alanan su hava s\u0131cakl\u0131\u011f\u0131 ile buharla\u015farak ortam s\u0131cakl\u0131\u011f\u0131n\u0131 ortalama 15-20 dereceye kadar d\u00fc\u015f\u00fcr\u00fcr. A\u00e7\u0131k Alan serinletme sistemleri ile ortam s\u0131cakl\u0131\u011f\u0131n\u0131 d\u00fc\u015f\u00fcr\u00fcrken misafirlerinizin keyifli&nbsp; vakit ge\u00e7irmesini sa\u011flayabilirsiniz. Buharl\u0131 vantilat\u00f6r ile 30 metrekareye kadar serinletme sa\u011flar.<\/p>\n\n\n<p><\/p>\n\n\n\n<figure class=\"wp-block-image size-large\"><img width=\"600\" height=\"449\" src=\"http:\/\/www.esrmekanik.com\/wp-content\/uploads\/2020\/07\/a\u00e7\u0131k-alan-serinletme.jpg\" alt=\"\" class=\"wp-image-447\" srcset=\"https:\/\/www.esrmekanik.com\/wp-content\/uploads\/2020\/07\/a\u00e7\u0131k-alan-serinletme.jpg 600w, https:\/\/www.esrmekanik.com\/wp-content\/uploads\/2020\/07\/a\u00e7\u0131k-alan-serinletme-300x225.jpg 300w\" sizes=\"(max-width: 600px) 100vw, 600px\" \/><figcaption><a href=\"http:\/\/www.esrmekanik.com\">Cafe Serinletme Sistemeleri<\/a><\/figcaption><\/figure>\n\n\n\n<h2>Neden A\u00e7\u0131k Alan Serinletme Sistemi Tercih Edilmeli?<\/h2>\n\n\n\n<p><a href=\"http:\/\/www.esrmekanik.com\/index.php\/hizmetlerimiz\/acik-alan-serinletme\/\">A\u00e7\u0131k alan serinletme sistem<\/a>i di\u011fer so\u011futma sistemlerine g\u00f6re daha d\u00fc\u015f\u00fck maliyetli ve daha etkili bir sistemdir. Kullan\u0131lacak y\u00fcksek bas\u0131n\u00e7 pompas\u0131 ile \u00e7al\u0131\u015fma ve durma s\u00fcresi kolayca ayarlanabilir. Sistem 1 sn ile 24 saat aral\u0131\u011f\u0131nda kolayca proglamlaya bilece\u011finiz bir aray\u00fcze sahiptir. Kullan\u0131lan boru, ta\u015f\u0131c\u0131 ve nozullar y\u00fcksek bas\u0131nca uygundur pompan\u0131n \u00e7\u0131k\u0131\u015f\u0131na tak\u0131lan filtre ile \u015febeke suyunun sistemi t\u0131kamas\u0131 riskine kar\u015f\u0131 \u00f6nlem al\u0131nm\u0131\u015f olur.<\/p>\n\n\n\n<figure class=\"wp-block-image size-large\"><img width=\"576\" height=\"1024\" src=\"http:\/\/www.esrmekanik.com\/wp-content\/uploads\/2020\/07\/a\u00e7\u0131k-alan-serinletme1-576x1024.jpg\" alt=\"\" class=\"wp-image-448\" srcset=\"https:\/\/www.esrmekanik.com\/wp-content\/uploads\/2020\/07\/a\u00e7\u0131k-alan-serinletme1-576x1024.jpg 576w, https:\/\/www.esrmekanik.com\/wp-content\/uploads\/2020\/07\/a\u00e7\u0131k-alan-serinletme1-169x300.jpg 169w, https:\/\/www.esrmekanik.com\/wp-content\/uploads\/2020\/07\/a\u00e7\u0131k-alan-serinletme1.jpg 600w\" sizes=\"(max-width: 576px) 100vw, 576px\" \/><figcaption>Restorant Serinletme<\/figcaption><\/figure>\n\n\n\n<h2>A\u00e7\u0131k Alan Serinletme Sisteminin Ortalama Tesir Alan\u0131<\/h2>\n\n\n\n<p>Buharl\u0131 vantilat\u00f6r ortalama 30 metrekarelik alan a\u00e7\u0131k alan serinletme sistemi ile serinletilebilir. Sistemin uygulanaca\u011f\u0131 mekan\u0131n etraf\u0131na sisperdesi i\u00e7in hat \u00e7ekilerek misafirleriniz i\u00e7in tad\u0131na doyulmaz bir g\u00f6r\u00fcnt\u00fc sa\u011flan\u0131r.<\/p>\n\n\n\n<h2>D\u0131\u015f Mekan So\u011futma Sisteminin Faydalar\u0131<\/h2>\n\n\n\n<p>A\u00e7\u0131k hava so\u011futma sistemleri, aileniz veya m\u00fc\u015fterileriniz i\u00e7in daha uzun s\u00fcre kalabilmeleri i\u00e7in rahatlat\u0131c\u0131 bir s\u0131\u011f\u0131nak olu\u015fturman\u0131n harika bir yoludur ve bu da ticari karlarda bir art\u0131\u015fa neden olabilir.&nbsp;Bu so\u011futma y\u00f6ntemi de ekonomiktir ve hemen hemen her yere kurulabilir. A\u00e7\u0131k alan serinletme  sistemleri ile cafe, restorant, yazl\u0131k sinema, konser alan\u0131, festival alanlar\u0131 d\u00fc\u015f\u00fck maliyetle serinletme yap\u0131l\u0131r.<\/p>\n\n\n\n<h2>\u00dccretsiz ke\u015fif<\/h2>\n\n\n\n<p>A\u00e7\u0131k alan serinletme sistemleriniz i\u00e7in deneyimli ekibimiz taraf\u0131ndan \u00fccretsiz ke\u015fif i\u00e7in randevu alabilirsiniz. Sizinle telefonda yeriniz hakk\u0131nda bilgi alan ekibimiz gerek g\u00f6r\u00fcrseyeriniz i\u00e7in ke\u015fife gelir bunun i\u00e7in herhangi bir \u00fccret \u00f6demezsiniz . Deneyimli ekip arkada\u015flar\u0131m\u0131z A\u00e7\u0131k alan serinletme sisteminiz i\u00e7in kullan\u0131lacak ekipmanlar\u0131 \u00f6zenle se\u00e7er ve uzun y\u0131llar kullanman\u0131z i\u00e7in deneyimli montaj ekibimizle beraber sisteminizin kurulumunu yapar.<\/p>\n\n\n\n<div class=\"wp-block-buttons\">\n<div class=\"wp-block-button is-style-fill\"><a class=\"wp-block-button__link has-vivid-green-cyan-background-color has-background\" href=\"http:\/\/api.whatsapp.com\/send?phone=905544427874\">Whatsapptan ileti\u015fim kurmak i\u00e7in l\u00fctfen t\u0131klay\u0131n\u0131z.<\/a><\/div>\n<\/div>\n\n\n\n<p><\/p>\n","protected":false},"excerpt":{"rendered":"<p>A\u00e7\u0131k Alan Serinletme Sistemleri di\u011fer sistemlere g\u00f6re d\u00fc\u015f\u00fck maliyetli en en etkili \u00e7\u00f6z\u00fcmd\u00fcr. Yaz s\u0131ca\u011f\u0131nda s\u0131cakl\u0131\u011f\u0131 15-25 derece aras\u0131nda d\u00fc\u015f\u00fcrerek bulundu\u011fu ortam\u0131 so\u011futur.<\/p>\n","protected":false},"author":1,"featured_media":466,"parent":385,"menu_order":2,"comment_status":"closed","ping_status":"closed","template":"","meta":[],"yst_prominent_words":[],"_links":{"self":[{"href":"https:\/\/www.esrmekanik.com\/index.php\/wp-json\/wp\/v2\/pages\/266"}],"collection":[{"href":"https:\/\/www.esrmekanik.com\/index.php\/wp-json\/wp\/v2\/pages"}],"about":[{"href":"https:\/\/www.esrmekanik.com\/index.php\/wp-json\/wp\/v2\/types\/page"}],"author":[{"embeddable":true,"href":"https:\/\/www.esrmekanik.com\/index.php\/wp-json\/wp\/v2\/users\/1"}],"replies":[{"embeddable":true,"href":"https:\/\/www.esrmekanik.com\/index.php\/wp-json\/wp\/v2\/comments?post=266"}],"version-history":[{"count":6,"href":"https:\/\/www.esrmekanik.com\/index.php\/wp-json\/wp\/v2\/pages\/266\/revisions"}],"predecessor-version":[{"id":684,"href":"https:\/\/www.esrmekanik.com\/index.php\/wp-json\/wp\/v2\/pages\/266\/revisions\/684"}],"up":[{"embeddable":true,"href":"https:\/\/www.esrmekanik.com\/index.php\/wp-json\/wp\/v2\/pages\/385"}],"wp:featuredmedia":[{"embeddable":true,"href":"https:\/\/www.esrmekanik.com\/index.php\/wp-json\/wp\/v2\/media\/466"}],"wp:attachment":[{"href":"https:\/\/www.esrmekanik.com\/index.php\/wp-json\/wp\/v2\/media?parent=266"}],"wp:term":[{"taxonomy":"yst_prominent_words","embeddable":true,"href":"https:\/\/www.esrmekanik.com\/index.php\/wp-json\/wp\/v2\/yst_prominent_words?post=266"}],"curies":[{"name":"wp","href":"https:\/\/api.w.org\/{rel}","templated":true}]}}