{"id":478,"date":"2022-05-12T22:48:55","date_gmt":"2022-05-12T22:48:55","guid":{"rendered":"http:\/\/www.esrmekanik.com\/?page_id=478"},"modified":"2022-05-12T22:49:00","modified_gmt":"2022-05-12T22:49:00","slug":"cafe","status":"publish","type":"page","link":"https:\/\/www.esrmekanik.com\/index.php\/cafe\/","title":{"rendered":"Cafe"},"content":{"rendered":"\n<p><a href=\"https:\/\/www.esrmekanik.com\/index.php\/hizmetlerimiz\/acik-alan-serinletme\/\" data-type=\"page\" data-id=\"266\">Cafe serinletme sistemi<\/a> a\u00e7\u0131k alan sogutma sistemleri mekan\u0131n\u0131za  y\u00fcksek kaliteli memnuniyet saglar. S\u0131caklarda sizi d\u0131\u015f mekan\u0131n\u0131z\u0131 ferahl\u0131k olu\u015fturacakt\u0131r bulundugunuz ortamada vakitnizi ge\u00e7irmeyi \u00e7ok seveceksiniz.misafirlerinizin memnuniyeti sizlerinde y\u00fcz\u00fcn\u00fc g\u00fcld\u00fcrecektir.\u00a0<a href=\"https:\/\/www.esrmekanik.com\/index.php\/hizmetlerimiz\/cafe-serinletme-sistemleri\/\" data-type=\"page\" data-id=\"263\">Sisleme sistemim<\/a>izin kurulumu basit ve \u00fcr\u00fcn kullan\u0131m\u0131 sizlerin memnuniyetini saglayacakt\u0131r. her mekan\u0131n farkl\u0131 sisteme ve yap\u0131ya sahip olu\u015fundan <a href=\"https:\/\/www.esrmekanik.com\/index.php\/serinletme-sistemleri-kiralama\/\" data-type=\"page\" data-id=\"621\">misting sistem<\/a> sizlerin istegine mekan\u0131n\u0131z\u0131n konum ve m2 kararesine g\u00f6re ayarlanacakt\u0131r.sizlerin istegine uygun bir proje ile memnuniyetiniz saglanacakt\u0131r<a href=\"https:\/\/www.esrmekanik.com\/index.php\/serinletme-sistemleri-kiralama\/\" data-type=\"page\" data-id=\"621\">.Cafe serinletme sistemi<\/a><\/p>\n","protected":false},"excerpt":{"rendered":"<p>Cafe serinletme sistemi a\u00e7\u0131k alan sogutma sistemleri mekan\u0131n\u0131za y\u00fcksek kaliteli memnuniyet saglar. S\u0131caklarda sizi d\u0131\u015f mekan\u0131n\u0131z\u0131 ferahl\u0131k olu\u015fturacakt\u0131r bulundugunuz ortamada vakitnizi ge\u00e7irmeyi \u00e7ok seveceksiniz.misafirlerinizin memnuniyeti sizlerinde y\u00fcz\u00fcn\u00fc g\u00fcld\u00fcrecektir.\u00a0Sisleme sistemimizin kurulumu basit ve \u00fcr\u00fcn kullan\u0131m\u0131 sizlerin memnuniyetini saglayacakt\u0131r. her mekan\u0131n farkl\u0131<\/p>\n","protected":false},"author":1,"featured_media":0,"parent":0,"menu_order":0,"comment_status":"closed","ping_status":"closed","template":"","meta":[],"yst_prominent_words":[],"_links":{"self":[{"href":"https:\/\/www.esrmekanik.com\/index.php\/wp-json\/wp\/v2\/pages\/478"}],"collection":[{"href":"https:\/\/www.esrmekanik.com\/index.php\/wp-json\/wp\/v2\/pages"}],"about":[{"href":"https:\/\/www.esrmekanik.com\/index.php\/wp-json\/wp\/v2\/types\/page"}],"author":[{"embeddable":true,"href":"https:\/\/www.esrmekanik.com\/index.php\/wp-json\/wp\/v2\/users\/1"}],"replies":[{"embeddable":true,"href":"https:\/\/www.esrmekanik.com\/index.php\/wp-json\/wp\/v2\/comments?post=478"}],"version-history":[{"count":2,"href":"https:\/\/www.esrmekanik.com\/index.php\/wp-json\/wp\/v2\/pages\/478\/revisions"}],"predecessor-version":[{"id":682,"href":"https:\/\/www.esrmekanik.com\/index.php\/wp-json\/wp\/v2\/pages\/478\/revisions\/682"}],"wp:attachment":[{"href":"https:\/\/www.esrmekanik.com\/index.php\/wp-json\/wp\/v2\/media?parent=478"}],"wp:term":[{"taxonomy":"yst_prominent_words","embeddable":true,"href":"https:\/\/www.esrmekanik.com\/index.php\/wp-json\/wp\/v2\/yst_prominent_words?post=478"}],"curies":[{"name":"wp","href":"https:\/\/api.w.org\/{rel}","templated":true}]}}