{"id":621,"date":"2022-05-06T10:05:53","date_gmt":"2022-05-06T10:05:53","guid":{"rendered":"http:\/\/www.esrmekanik.com\/?page_id=621"},"modified":"2022-05-09T22:50:15","modified_gmt":"2022-05-09T22:50:15","slug":"serinletme-sistemleri-kiralama","status":"publish","type":"page","link":"https:\/\/www.esrmekanik.com\/index.php\/serinletme-sistemleri-kiralama\/","title":{"rendered":"Serinletme Sistemleri Kiralama"},"content":{"rendered":"\n<p><a href=\"https:\/\/www.esrmekanik.com\/index.php\/hizmetlerimiz\/cafe-serinletme-sistemleri\/\">Serinletme sistemleri<\/a> <a href=\"https:\/\/www.esrmekanik.com\/index.php\/serinletme-sistemleri-kiralama\/\" data-type=\"page\" data-id=\"621\">kiralama<\/a> sizi. k\u0131\u015f aylar\u0131nda \u00fcr\u00fcn\u00fcn\u00fcz\u00fcn depolama maliyetinden kurtar\u0131r.<\/p>\n\n\n\n<figure class=\"wp-block-image size-large\"><img width=\"720\" height=\"720\" src=\"http:\/\/www.esrmekanik.com\/wp-content\/uploads\/2020\/07\/Cafe-Serinletme-Sistemleri-11-1.jpg\" alt=\"\" class=\"wp-image-439\" srcset=\"https:\/\/www.esrmekanik.com\/wp-content\/uploads\/2020\/07\/Cafe-Serinletme-Sistemleri-11-1.jpg 720w, https:\/\/www.esrmekanik.com\/wp-content\/uploads\/2020\/07\/Cafe-Serinletme-Sistemleri-11-1-300x300.jpg 300w, https:\/\/www.esrmekanik.com\/wp-content\/uploads\/2020\/07\/Cafe-Serinletme-Sistemleri-11-1-150x150.jpg 150w, https:\/\/www.esrmekanik.com\/wp-content\/uploads\/2020\/07\/Cafe-Serinletme-Sistemleri-11-1-230x230.jpg 230w, https:\/\/www.esrmekanik.com\/wp-content\/uploads\/2020\/07\/Cafe-Serinletme-Sistemleri-11-1-365x365.jpg 365w\" sizes=\"(max-width: 720px) 100vw, 720px\" \/><figcaption>cafe serinletme sistemleri,<a href=\"https:\/\/www.esrmekanik.com\/index.php\/serinletme-sistemleri-kiralama\/\" data-type=\"page\" data-id=\"621\"> misting<\/a> sistem, buharl\u0131 serinletme, <a href=\"https:\/\/www.esrmekanik.com\/index.php\/serinletme-sistemleri-kiralama\/\" data-type=\"page\" data-id=\"621\">kiralama<\/a> <\/figcaption><\/figure>\n\n\n\n<p><a href=\"https:\/\/www.esrmekanik.com\/index.php\/hizmetlerimiz\/acik-alan-serinletme\/\">A\u00e7\u0131k Alan Serinletme Sistemleri<\/a> \u00dcr\u00fcn sat\u0131n almamaliyetini en aza indirir<a href=\"https:\/\/www.esrmekanik.com\/index.php\/serinletme-sistemleri-kiralama\/\" data-type=\"page\" data-id=\"621\"> Kiralama<\/a> sistemleri sizlerin memnuniyetinizin \u00fcst seviyelerde kar\u015f\u0131lanmas\u0131 ad\u0131na taraf\u0131m\u0131zca sunulunalan hizmetimizdir<\/p>\n\n\n\n<p>Kurulum montaj ve \u00fcr\u00fcn s\u00f6k\u00fcm\u00fc taraf\u0131m\u0131zca yap\u0131lmaktad\u0131r. <\/p>\n\n\n\n<p><a href=\"https:\/\/www.esrmekanik.com\/index.php\/serinletme-sistemleri-kiralama\/\" data-type=\"page\" data-id=\"621\">Kiralama<\/a> s\u00fcresi boyunca servis \u00fccretsiz olarak yap\u0131lmaktad\u0131r.<\/p>\n\n\n\n<p>\u00dcr\u00fcnlerimiz a\u00e7\u0131k alanda 10 12 (c) kapal\u0131 alanda 20 (c) hissedilen s\u0131cakl\u0131g\u0131 d\u00fc\u015f\u00fcr\u00fcr.<\/p>\n\n\n\n<p>Bulundunuz ortama ferahl\u0131k verir. ortam kalitenizi artt\u0131r\u0131r.<\/p>\n\n\n\n<p>\u00dcr\u00fcnlerimiz birinci kalite olup <a href=\"https:\/\/www.esrmekanik.com\/index.php\/serinletme-sistemleri-kiralama\/\" data-type=\"page\" data-id=\"621\">kiralama<\/a> s\u00fcreniz boyunca garantilidir.<\/p>\n\n\n\n<p><a href=\"https:\/\/www.esrmekanik.com\/index.php\/serinletme-sistemleri-kiralama\/\" data-type=\"page\" data-id=\"621\">Kiralama<\/a> hizmetimiz boyunca 7\/24 vatsap ve telefon destegimiz mevcuttur.<\/p>\n\n\n\n<p><a href=\"https:\/\/www.esrmekanik.com\/index.php\/serinletme-sistemleri-kiralama\/\" data-type=\"page\" data-id=\"621\">Kiralama<\/a> s\u00f6zlesmesi taraf\u0131m\u0131zca haz\u0131rlan\u0131p sizlere sunulmaktad\u0131r.<\/p>\n\n\n\n<p>S\u00f6zle\u015fmemiz her iki taraf\u0131n haklar\u0131nda korumaya y\u00f6nelik haz\u0131rlanmaktad\u0131r.<\/p>\n\n\n\n<p><a href=\"https:\/\/www.esrmekanik.com\/index.php\/hizmetlerimiz\/acik-alan-serinletme\/\" data-type=\"page\" data-id=\"266\">A\u00e7\u0131k alan <\/a>d\u00fcg\u00fcn ni\u015fan konferans toplant\u0131 kay\u0131t alanlar\u0131nda uzun s\u00fcreli anla\u015fma saglanmas\u0131 <\/p>\n\n\n\n<p>durumunda \/30 indirimlerimizden yararlana bilirsiniz<\/p>\n\n\n\n<p><a href=\"http:\/\/esr mekanik\">Misting<\/a> sistemin elektirik t\u00fcketimi diger sogutma \u00fcr\u00fcnlerine g\u00f6re y\u00fczde elli daha avantajl\u0131 olup <\/p>\n\n\n\n<p>verilen hizmet tin memnuniyet oranI daha y\u00fcksek olmaktad\u0131r.<\/p>\n\n\n\n<p>Buharl\u0131 vantilat\u00f6rler <a href=\"https:\/\/www.esrmekanik.com\/index.php\/hizmetlerimiz\/acik-alan-serinletme\/\" data-type=\"page\" data-id=\"266\">A\u00e7\u0131k Alan Serinletme Sistemleri<\/a> de m\u00fc\u015fterilerimize en g\u00fczel sonucu vermektedir<\/p>\n\n\n\n<p>D\u0131\u015f mekan <a href=\"https:\/\/www.esrmekanik.com\/index.php\/hizmetlerimiz\/cafe-serinletme-sistemleri\/\" data-type=\"page\" data-id=\"263\">sisleme<\/a>.<a href=\"http:\/\/xn--vantilatrler-cjb\/\">vantilat\u00f6rler<\/a>i b\u00fcy\u00fck zemin fanlar\u0131d\u0131r b\u00f6ylece fan\u0131n suyu havayla ortama da\u011f\u0131t\u0131r.<\/p>\n\n\n\n<p>d\u0131\u015f mekan <a href=\"http:\/\/Fanl\u0131sistemler\" data-type=\"URL\" data-id=\"Fanl\u0131sistemler\">Fanl\u0131sistemler<\/a> ta\u015f\u0131n\u0131la bilir klima g\u00f6revi g\u00f6r\u00fcr.<\/p>\n\n\n\n<p><a href=\"http:\/\/Mistingsistemi\" data-type=\"URL\" data-id=\"Mistingsistemi\">Mistingsistemi<\/a> ortam \u0131s\u0131s\u0131n\u0131 d\u00fc\u015f\u00fcr\u00fcrken fan sistsmi de sizlerin terlemesini engeller.<\/p>\n\n\n\n<p>Cafe serinletme sistemi ucuz maliyetli  kaliteli <a href=\"http:\/\/xn--dmekansoutmasistemidir-z8c83bk2b\/\">d\u0131\u015fmekanso\u011futmasistemidir<\/a>.  G\u00fcne\u015ften ve s\u0131cakg\u0131n bunalt\u0131c\u0131 ortam\u0131ntan sizi korur.<\/p>\n\n\n\n<p><a href=\"https:\/\/www.esrmekanik.com\/index.php\/serinletme-sistemleri-kiralama\/\" data-type=\"page\" data-id=\"621\">Sisleme sistemler<\/a>i kitlerimizin kurulumu basittir.<\/p>\n\n\n\n<p>Cafenizde yada toplant\u0131 mekanlar\u0131n\u0131zda uzun s\u00fcre vakit ge\u00e7irirken rahat olman\u0131za yard\u0131mc\u0131 olmak i\u00e7in tasarlanm\u0131\u015ft\u0131r.<\/p>\n\n\n\n<p><a href=\"https:\/\/www.esrmekanik.com\/index.php\/serinletme-sistemleri-kiralama\/\" data-type=\"page\" data-id=\"621\">Misting sistem<\/a> a\u00e7\u0131k alan spor merkezlerine \u00e7ad\u0131r yada \u015femsiyelere de kurula bilmektedir. <\/p>\n\n\n\n<p>&nbsp;Evaporatif So\u011futucular buharla\u015fmal\u0131 bir so\u011futucuyu  bas\u0131n\u00e7land\u0131rmak yerine, daha ferahlat\u0131c\u0131 bir ortam olu\u015fturmak i\u00e7in suyun serbest olarak da\u011f\u0131lmas\u0131na izin verir.<\/p>\n\n\n\n<p>&nbsp;Su \u00e7ok geni\u015f y\u00fczey alan\u0131na dag\u0131lmas\u0131n\u0131 saglayarak mekan\u0131n\u0131z\u0131n ferahlamas\u0131n\u0131 saglar.<\/p>\n\n\n\n<p><a href=\"https:\/\/www.esrmekanik.com\/index.php\/serinletme-sistemleri-kiralama\/\" data-type=\"page\" data-id=\"621\">Buharl\u0131 vantilat\u00f6rler<\/a> ta\u015f\u0131n\u0131la bilirklima g\u00f6revi g\u00f6r\u00fcr.<\/p>\n\n\n\n<p><a href=\"https:\/\/www.esrmekanik.com\/index.php\/hizmetlerimiz\/acik-alan-serinletme\/\" data-type=\"page\" data-id=\"266\">vantilat\u00f6rden<\/a> en gelen serin hava cildinizi ve do\u011fal terinizin kurumas\u0131n\u0131 h\u0131zland\u0131r\u0131r.&nbsp;<\/p>\n\n\n\n<p>V\u00fccut \u0131s\u0131n\u0131z\u0131 d\u00fc\u015f\u00fcrmeye yard\u0131mc\u0131 olur.<\/p>\n\n\n\n<p>Buharla\u015fmay la olu\u015fan ferahl\u0131k ortam\u0131n\u0131z\u0131 zenginle\u015ftirip konuklar\u0131n\u0131z\u0131n memnuniyetini saglar.<\/p>\n\n\n\n<p>A\u00e7\u0131k alanlarda kl\u0131man\u0131n bir faydas\u0131n\u0131 g\u00f6remezken <a href=\"https:\/\/www.esrmekanik.com\/index.php\/serinletme-sistemleri-kiralama\/\">Buharl\u0131 vantilat\u00f6rler<\/a> sistemi ile ortam\u0131n\u0131z\u0131 nezih hale getire bilirsiniz.<\/p>\n\n\n\n<p><a href=\"https:\/\/www.esrmekanik.com\/index.php\/serinletme-sistemleri-kiralama\/\">Serinletme Sistemleri Kiralama<\/a>k sizin i\u00e7in en avantajl\u0131sistemlerden birtanesidir.<\/p>\n","protected":false},"excerpt":{"rendered":"<p>Serinletme sistemleri kiralama sizi. k\u0131\u015f aylar\u0131nda \u00fcr\u00fcn\u00fcn\u00fcz\u00fcn depolama maliyetinden kurtar\u0131r. A\u00e7\u0131k Alan Serinletme Sistemleri \u00dcr\u00fcn sat\u0131n almamaliyetini en aza indirir Kiralama sistemleri sizlerin memnuniyetinizin \u00fcst seviyelerde kar\u015f\u0131lanmas\u0131 ad\u0131na taraf\u0131m\u0131zca sunulunalan hizmetimizdir Kurulum montaj ve \u00fcr\u00fcn s\u00f6k\u00fcm\u00fc taraf\u0131m\u0131zca yap\u0131lmaktad\u0131r. Kiralama s\u00fcresi<\/p>\n","protected":false},"author":1,"featured_media":0,"parent":0,"menu_order":0,"comment_status":"closed","ping_status":"closed","template":"","meta":[],"yst_prominent_words":[],"_links":{"self":[{"href":"https:\/\/www.esrmekanik.com\/index.php\/wp-json\/wp\/v2\/pages\/621"}],"collection":[{"href":"https:\/\/www.esrmekanik.com\/index.php\/wp-json\/wp\/v2\/pages"}],"about":[{"href":"https:\/\/www.esrmekanik.com\/index.php\/wp-json\/wp\/v2\/types\/page"}],"author":[{"embeddable":true,"href":"https:\/\/www.esrmekanik.com\/index.php\/wp-json\/wp\/v2\/users\/1"}],"replies":[{"embeddable":true,"href":"https:\/\/www.esrmekanik.com\/index.php\/wp-json\/wp\/v2\/comments?post=621"}],"version-history":[{"count":8,"href":"https:\/\/www.esrmekanik.com\/index.php\/wp-json\/wp\/v2\/pages\/621\/revisions"}],"predecessor-version":[{"id":639,"href":"https:\/\/www.esrmekanik.com\/index.php\/wp-json\/wp\/v2\/pages\/621\/revisions\/639"}],"wp:attachment":[{"href":"https:\/\/www.esrmekanik.com\/index.php\/wp-json\/wp\/v2\/media?parent=621"}],"wp:term":[{"taxonomy":"yst_prominent_words","embeddable":true,"href":"https:\/\/www.esrmekanik.com\/index.php\/wp-json\/wp\/v2\/yst_prominent_words?post=621"}],"curies":[{"name":"wp","href":"https:\/\/api.w.org\/{rel}","templated":true}]}}