{"id":89,"date":"2014-05-31T13:03:38","date_gmt":"2014-05-31T13:03:38","guid":{"rendered":"http:\/\/demo.themegrill.com\/accelerate\/?page_id=89"},"modified":"2020-08-05T13:56:35","modified_gmt":"2020-08-05T13:56:35","slug":"manav-ve-balik-reyonu-misting-sistem","status":"publish","type":"page","link":"https:\/\/www.esrmekanik.com\/index.php\/hizmetlerimiz\/manav-ve-balik-reyonu-misting-sistem\/","title":{"rendered":"Manav ve Bal\u0131k Tezgah\u0131 Serinletme"},"content":{"rendered":"<p class=\"paragraph ng-attr-widget\">Yaz\u0131l\u0131yor.<\/p>\n","protected":false},"excerpt":{"rendered":"<p>Manav ve bal\u0131k reyonlar\u0131n\u0131 misting sistem \u00fcr\u00fcnlerimizi kullanarak serinletebilirsiniz b\u00f6ylece sergilemi\u015f oldu\u011funuz \u00fcr\u00fcnler dal\u0131ndankopmu\u015f gibi taze kal\u0131r.<\/p>\n","protected":false},"author":1,"featured_media":463,"parent":385,"menu_order":3,"comment_status":"closed","ping_status":"closed","template":"","meta":[],"yst_prominent_words":[],"_links":{"self":[{"href":"https:\/\/www.esrmekanik.com\/index.php\/wp-json\/wp\/v2\/pages\/89"}],"collection":[{"href":"https:\/\/www.esrmekanik.com\/index.php\/wp-json\/wp\/v2\/pages"}],"about":[{"href":"https:\/\/www.esrmekanik.com\/index.php\/wp-json\/wp\/v2\/types\/page"}],"author":[{"embeddable":true,"href":"https:\/\/www.esrmekanik.com\/index.php\/wp-json\/wp\/v2\/users\/1"}],"replies":[{"embeddable":true,"href":"https:\/\/www.esrmekanik.com\/index.php\/wp-json\/wp\/v2\/comments?post=89"}],"version-history":[{"count":3,"href":"https:\/\/www.esrmekanik.com\/index.php\/wp-json\/wp\/v2\/pages\/89\/revisions"}],"predecessor-version":[{"id":618,"href":"https:\/\/www.esrmekanik.com\/index.php\/wp-json\/wp\/v2\/pages\/89\/revisions\/618"}],"up":[{"embeddable":true,"href":"https:\/\/www.esrmekanik.com\/index.php\/wp-json\/wp\/v2\/pages\/385"}],"wp:featuredmedia":[{"embeddable":true,"href":"https:\/\/www.esrmekanik.com\/index.php\/wp-json\/wp\/v2\/media\/463"}],"wp:attachment":[{"href":"https:\/\/www.esrmekanik.com\/index.php\/wp-json\/wp\/v2\/media?parent=89"}],"wp:term":[{"taxonomy":"yst_prominent_words","embeddable":true,"href":"https:\/\/www.esrmekanik.com\/index.php\/wp-json\/wp\/v2\/yst_prominent_words?post=89"}],"curies":[{"name":"wp","href":"https:\/\/api.w.org\/{rel}","templated":true}]}}